{"id":9421,"date":"2017-05-04T11:46:27","date_gmt":"2017-05-04T11:46:27","guid":{"rendered":"https:\/\/habonim.com\/stage\/dimensionador-de-valvulas-de-control-hvs\/"},"modified":"2023-05-24T12:51:21","modified_gmt":"2023-05-24T12:51:21","slug":"dimensionador-de-valvulas-de-control-hvs","status":"publish","type":"page","link":"https:\/\/habonim.com\/es\/dimensionador-de-valvulas-de-control-hvs\/","title":{"rendered":"Dimensionador de V\u00e1lvulas de Control (HVS)"},"content":{"rendered":"<p>El dimensionador de V\u00e1lvulas Habonim (HVS), es una herramienta de software \u00fanica, que simplifica la tarea de seleccionar el paquete de v\u00e1lvula de control perfecto para la mayor\u00eda de aplicaciones. HVS tiene acceso a una base de datos de m\u00e1s de 5,800 fluidos de proceso diferentes. Los c\u00e1lculos precisos del Cv, porcentajes de apertura de la v\u00e1lvula, la velocidad, advertencias de estado cr\u00edtico y niveles de ruido previstos del proceso son solo algunas de las muchas caracter\u00edsticas proporcionadas por HVS en diversos formatos. HVS opera de acuerdo con los Est\u00e1ndares Internacionales IEC60534 e ISA 575-17 1989, y puede utilizarse tanto para m\u00faltiples requerimientos como para paquetes individuales.<\/p>\n<h2><span style=\"font-size: 20px;\"><strong>Definir el proceso<\/strong><\/span><\/h2>\n<p>HVS gu\u00eda al ingeniero paso a paso a trav\u00e9s de todos los par\u00e1metros necesarios para definir con precisi\u00f3n el proceso desde el primer punto de operaci\u00f3n. Al mismo tiempo, HVS calcula el caudal de acuerdo con IEC 60534 e ISA S75-17 1989, incluyendo gases y vapores. HVS proporciona la base de datos m\u00e1s completa de la industria de par\u00e1metros de coeficientes para m\u00e1s de 5,800 fluidos de proceso, incluyendo densidad, presi\u00f3n de vapor, presi\u00f3n cr\u00edtica y temperatura de vapor saturado a una presi\u00f3n dada.<\/p>\n<h2><span style=\"font-size: 20px;\"><strong>Seleccione la v\u00e1lvula de control<\/strong><\/span><\/h2>\n<p>Con el proceso definido, HVS muestra una lista de todas las v\u00e1lvulas de control que cumplen con los criterios de aceptaci\u00f3n del proceso. Una vez que se elige la v\u00e1lvula deseada, HVS indica la velocidad a trav\u00e9s de la v\u00e1lvula, el \u00e1ngulo de rotaci\u00f3n, los accesorios de la v\u00e1lvula y otros.<\/p>\n<h2><span style=\"font-size: 20px;\"><strong>Correcci\u00f3n din\u00e1mica de Cv<\/strong><\/span><\/h2>\n<p>\u00danico entre las herramientas de software de la industria, HVS realiza autom\u00e1ticamente una correcci\u00f3n del c\u00e1lculo del caudal, teniendo en cuenta la resistencia de los accesorios instalados.<\/p>\n<h2><span style=\"font-size: 20px;\"><strong>C\u00e1lculo del nivel de ruido<\/strong><\/span><\/h2>\n<p>A diferencia de la mayor\u00eda de los programas de software de dimensionamiento de control, HVS calcula el nivel de presi\u00f3n sonora para l\u00edquidos y para gases. HVS proporciona un nivel de presi\u00f3n sonora a una distancia de 1 m de la superficie de la v\u00e1lvula, y luego presenta el espectro de los niveles de sonido, por frecuencia, tanto en formato de tabla como de gr\u00e1fico de barras.<\/p>\n<h2><span style=\"font-size: 20px;\"><strong>Definir m\u00faltiples puntos de operaci\u00f3n (m\u00edn., medio, m\u00e1x.)<\/strong><\/span><\/h2>\n<p>Es f\u00e1cil agregar hasta dos puntos de operaci\u00f3n adicionales. No es necesario volver a escribir los par\u00e1metros para cada punto adicional, ya sea acepte los valores predeterminados para el caudal m\u00e1ximo o modif\u00edquelos seg\u00fan sea necesario.<\/p>\n<h2><span style=\"font-size: 20px;\"><strong>\u00a1Un paquete de control completo!<\/strong><\/span><\/h2>\n<p>En la secci\u00f3n Accesorios, puede seleccionar el mejor actuador y posicionador neum\u00e1ticos para un funcionamiento seguro, de acuerdo con los est\u00e1ndares de la instalaci\u00f3n.<\/p>\n","protected":false},"excerpt":{"rendered":"El dimensionador de V\u00e1lvulas Habonim (HVS), es una herramienta de software \u00fanica, que simplifica la tarea de seleccionar el paquete de v\u00e1lvula de control perfecto para la mayor\u00eda de aplicaciones. HVS tiene acceso a una base de datos de m\u00e1s de 5,800 fluidos de proceso diferentes. Los c\u00e1lculos precisos del Cv, porcentajes de apertura de&#8230; <a class=\"view-article\" href=\"https:\/\/habonim.com\/es\/dimensionador-de-valvulas-de-control-hvs\/\">Ver art\u00edculo<\/a>","protected":false},"author":1,"featured_media":14855,"parent":0,"menu_order":0,"comment_status":"closed","ping_status":"closed","template":"pages\/innerpage.php","meta":{"_acf_changed":false,"footnotes":""},"class_list":["post-9421","page","type-page","status-publish","has-post-thumbnail","hentry"],"acf":[],"yoast_head":"<!-- This site is optimized with the Yoast SEO plugin v26.6 - https:\/\/yoast.com\/wordpress\/plugins\/seo\/ -->\n<title>Dimensionador de V\u00e1lvulas de Control (HVS) | Habonim<\/title>\n<meta name=\"description\" content=\"Dimensionador de V\u00e1lvulas (HVS) es un software \u00fanico, simplifica la selecci\u00f3n de la v\u00e1lvula de control para la mayor\u00eda de servicios.\" \/>\n<meta name=\"robots\" content=\"index, follow, max-snippet:-1, max-image-preview:large, max-video-preview:-1\" \/>\n<link rel=\"canonical\" href=\"https:\/\/habonim.com\/es\/dimensionador-de-valvulas-de-control-hvs\/\" \/>\n<meta property=\"og:locale\" content=\"es_ES\" \/>\n<meta property=\"og:type\" content=\"article\" \/>\n<meta property=\"og:title\" content=\"Dimensionador de V\u00e1lvulas de Control (HVS) | Habonim\" \/>\n<meta property=\"og:description\" content=\"Dimensionador de V\u00e1lvulas (HVS) es un software \u00fanico, simplifica la selecci\u00f3n de la v\u00e1lvula de control para la mayor\u00eda de servicios.\" \/>\n<meta property=\"og:url\" content=\"https:\/\/habonim.com\/es\/dimensionador-de-valvulas-de-control-hvs\/\" \/>\n<meta property=\"article:modified_time\" content=\"2023-05-24T12:51:21+00:00\" \/>\n<meta property=\"og:image\" content=\"https:\/\/habonim.com\/wp-content\/uploads\/2017\/05\/Untitled-1.png\" \/>\n\t<meta property=\"og:image:width\" content=\"745\" \/>\n\t<meta property=\"og:image:height\" content=\"439\" \/>\n\t<meta property=\"og:image:type\" content=\"image\/png\" \/>\n<meta name=\"twitter:card\" content=\"summary_large_image\" \/>\n<meta name=\"twitter:label1\" content=\"Tiempo de lectura\" \/>\n\t<meta name=\"twitter:data1\" content=\"2 minutos\" \/>\n<script type=\"application\/ld+json\" class=\"yoast-schema-graph\">{\"@context\":\"https:\/\/schema.org\",\"@graph\":[{\"@type\":\"WebPage\",\"@id\":\"https:\/\/habonim.com\/es\/dimensionador-de-valvulas-de-control-hvs\/\",\"url\":\"https:\/\/habonim.com\/es\/dimensionador-de-valvulas-de-control-hvs\/\",\"name\":\"Dimensionador de V\u00e1lvulas de Control (HVS) | Habonim\",\"isPartOf\":{\"@id\":\"https:\/\/habonim.com\/es\/stage\/#website\"},\"primaryImageOfPage\":{\"@id\":\"https:\/\/habonim.com\/es\/dimensionador-de-valvulas-de-control-hvs\/#primaryimage\"},\"image\":{\"@id\":\"https:\/\/habonim.com\/es\/dimensionador-de-valvulas-de-control-hvs\/#primaryimage\"},\"thumbnailUrl\":\"https:\/\/habonim.com\/wp-content\/uploads\/2017\/05\/Untitled-1.png\",\"datePublished\":\"2017-05-04T11:46:27+00:00\",\"dateModified\":\"2023-05-24T12:51:21+00:00\",\"description\":\"Dimensionador de V\u00e1lvulas (HVS) es un software \u00fanico, simplifica la selecci\u00f3n de la v\u00e1lvula de control para la mayor\u00eda de servicios.\",\"breadcrumb\":{\"@id\":\"https:\/\/habonim.com\/es\/dimensionador-de-valvulas-de-control-hvs\/#breadcrumb\"},\"inLanguage\":\"es\",\"potentialAction\":[{\"@type\":\"ReadAction\",\"target\":[\"https:\/\/habonim.com\/es\/dimensionador-de-valvulas-de-control-hvs\/\"]}]},{\"@type\":\"ImageObject\",\"inLanguage\":\"es\",\"@id\":\"https:\/\/habonim.com\/es\/dimensionador-de-valvulas-de-control-hvs\/#primaryimage\",\"url\":\"https:\/\/habonim.com\/wp-content\/uploads\/2017\/05\/Untitled-1.png\",\"contentUrl\":\"https:\/\/habonim.com\/wp-content\/uploads\/2017\/05\/Untitled-1.png\",\"width\":745,\"height\":439},{\"@type\":\"BreadcrumbList\",\"@id\":\"https:\/\/habonim.com\/es\/dimensionador-de-valvulas-de-control-hvs\/#breadcrumb\",\"itemListElement\":[{\"@type\":\"ListItem\",\"position\":1,\"name\":\"Home\",\"item\":\"https:\/\/habonim.com\/es\/\"},{\"@type\":\"ListItem\",\"position\":2,\"name\":\"Dimensionador de V\u00e1lvulas de Control (HVS)\"}]},{\"@type\":\"WebSite\",\"@id\":\"https:\/\/habonim.com\/es\/stage\/#website\",\"url\":\"https:\/\/habonim.com\/es\/stage\/\",\"name\":\"\",\"description\":\"Habonim - Industrial Valves and Actuators\",\"publisher\":{\"@id\":\"https:\/\/habonim.com\/es\/stage\/#organization\"},\"potentialAction\":[{\"@type\":\"SearchAction\",\"target\":{\"@type\":\"EntryPoint\",\"urlTemplate\":\"https:\/\/habonim.com\/es\/stage\/?s={search_term_string}\"},\"query-input\":{\"@type\":\"PropertyValueSpecification\",\"valueRequired\":true,\"valueName\":\"search_term_string\"}}],\"inLanguage\":\"es\"},{\"@type\":\"Organization\",\"@id\":\"https:\/\/habonim.com\/es\/stage\/#organization\",\"name\":\"Habonim\",\"url\":\"https:\/\/habonim.com\/es\/stage\/\",\"logo\":{\"@type\":\"ImageObject\",\"inLanguage\":\"es\",\"@id\":\"https:\/\/habonim.com\/es\/stage\/#\/schema\/logo\/image\/\",\"url\":\"\",\"contentUrl\":\"\",\"caption\":\"Habonim\"},\"image\":{\"@id\":\"https:\/\/habonim.com\/es\/stage\/#\/schema\/logo\/image\/\"}}]}<\/script>\n<!-- \/ Yoast SEO plugin. -->","yoast_head_json":{"title":"Dimensionador de V\u00e1lvulas de Control (HVS) | Habonim","description":"Dimensionador de V\u00e1lvulas (HVS) es un software \u00fanico, simplifica la selecci\u00f3n de la v\u00e1lvula de control para la mayor\u00eda de servicios.","robots":{"index":"index","follow":"follow","max-snippet":"max-snippet:-1","max-image-preview":"max-image-preview:large","max-video-preview":"max-video-preview:-1"},"canonical":"https:\/\/habonim.com\/es\/dimensionador-de-valvulas-de-control-hvs\/","og_locale":"es_ES","og_type":"article","og_title":"Dimensionador de V\u00e1lvulas de Control (HVS) | Habonim","og_description":"Dimensionador de V\u00e1lvulas (HVS) es un software \u00fanico, simplifica la selecci\u00f3n de la v\u00e1lvula de control para la mayor\u00eda de servicios.","og_url":"https:\/\/habonim.com\/es\/dimensionador-de-valvulas-de-control-hvs\/","article_modified_time":"2023-05-24T12:51:21+00:00","og_image":[{"width":745,"height":439,"url":"https:\/\/habonim.com\/wp-content\/uploads\/2017\/05\/Untitled-1.png","type":"image\/png"}],"twitter_card":"summary_large_image","twitter_misc":{"Tiempo de lectura":"2 minutos"},"schema":{"@context":"https:\/\/schema.org","@graph":[{"@type":"WebPage","@id":"https:\/\/habonim.com\/es\/dimensionador-de-valvulas-de-control-hvs\/","url":"https:\/\/habonim.com\/es\/dimensionador-de-valvulas-de-control-hvs\/","name":"Dimensionador de V\u00e1lvulas de Control (HVS) | Habonim","isPartOf":{"@id":"https:\/\/habonim.com\/es\/stage\/#website"},"primaryImageOfPage":{"@id":"https:\/\/habonim.com\/es\/dimensionador-de-valvulas-de-control-hvs\/#primaryimage"},"image":{"@id":"https:\/\/habonim.com\/es\/dimensionador-de-valvulas-de-control-hvs\/#primaryimage"},"thumbnailUrl":"https:\/\/habonim.com\/wp-content\/uploads\/2017\/05\/Untitled-1.png","datePublished":"2017-05-04T11:46:27+00:00","dateModified":"2023-05-24T12:51:21+00:00","description":"Dimensionador de V\u00e1lvulas (HVS) es un software \u00fanico, simplifica la selecci\u00f3n de la v\u00e1lvula de control para la mayor\u00eda de servicios.","breadcrumb":{"@id":"https:\/\/habonim.com\/es\/dimensionador-de-valvulas-de-control-hvs\/#breadcrumb"},"inLanguage":"es","potentialAction":[{"@type":"ReadAction","target":["https:\/\/habonim.com\/es\/dimensionador-de-valvulas-de-control-hvs\/"]}]},{"@type":"ImageObject","inLanguage":"es","@id":"https:\/\/habonim.com\/es\/dimensionador-de-valvulas-de-control-hvs\/#primaryimage","url":"https:\/\/habonim.com\/wp-content\/uploads\/2017\/05\/Untitled-1.png","contentUrl":"https:\/\/habonim.com\/wp-content\/uploads\/2017\/05\/Untitled-1.png","width":745,"height":439},{"@type":"BreadcrumbList","@id":"https:\/\/habonim.com\/es\/dimensionador-de-valvulas-de-control-hvs\/#breadcrumb","itemListElement":[{"@type":"ListItem","position":1,"name":"Home","item":"https:\/\/habonim.com\/es\/"},{"@type":"ListItem","position":2,"name":"Dimensionador de V\u00e1lvulas de Control (HVS)"}]},{"@type":"WebSite","@id":"https:\/\/habonim.com\/es\/stage\/#website","url":"https:\/\/habonim.com\/es\/stage\/","name":"","description":"Habonim - Industrial Valves and Actuators","publisher":{"@id":"https:\/\/habonim.com\/es\/stage\/#organization"},"potentialAction":[{"@type":"SearchAction","target":{"@type":"EntryPoint","urlTemplate":"https:\/\/habonim.com\/es\/stage\/?s={search_term_string}"},"query-input":{"@type":"PropertyValueSpecification","valueRequired":true,"valueName":"search_term_string"}}],"inLanguage":"es"},{"@type":"Organization","@id":"https:\/\/habonim.com\/es\/stage\/#organization","name":"Habonim","url":"https:\/\/habonim.com\/es\/stage\/","logo":{"@type":"ImageObject","inLanguage":"es","@id":"https:\/\/habonim.com\/es\/stage\/#\/schema\/logo\/image\/","url":"","contentUrl":"","caption":"Habonim"},"image":{"@id":"https:\/\/habonim.com\/es\/stage\/#\/schema\/logo\/image\/"}}]}},"_links":{"self":[{"href":"https:\/\/habonim.com\/es\/wp-json\/wp\/v2\/pages\/9421","targetHints":{"allow":["GET"]}}],"collection":[{"href":"https:\/\/habonim.com\/es\/wp-json\/wp\/v2\/pages"}],"about":[{"href":"https:\/\/habonim.com\/es\/wp-json\/wp\/v2\/types\/page"}],"author":[{"embeddable":true,"href":"https:\/\/habonim.com\/es\/wp-json\/wp\/v2\/users\/1"}],"replies":[{"embeddable":true,"href":"https:\/\/habonim.com\/es\/wp-json\/wp\/v2\/comments?post=9421"}],"version-history":[{"count":4,"href":"https:\/\/habonim.com\/es\/wp-json\/wp\/v2\/pages\/9421\/revisions"}],"predecessor-version":[{"id":10962,"href":"https:\/\/habonim.com\/es\/wp-json\/wp\/v2\/pages\/9421\/revisions\/10962"}],"wp:featuredmedia":[{"embeddable":true,"href":"https:\/\/habonim.com\/es\/wp-json\/wp\/v2\/media\/14855"}],"wp:attachment":[{"href":"https:\/\/habonim.com\/es\/wp-json\/wp\/v2\/media?parent=9421"}],"curies":[{"name":"wp","href":"https:\/\/api.w.org\/{rel}","templated":true}]}}