{"id":9420,"date":"2017-05-05T14:09:17","date_gmt":"2017-05-05T14:09:17","guid":{"rendered":"https:\/\/habonim.com\/stage\/informacion-tecnica\/"},"modified":"2024-11-26T14:32:01","modified_gmt":"2024-11-26T14:32:01","slug":"informacion-tecnica","status":"publish","type":"page","link":"https:\/\/habonim.com\/es\/informacion-tecnica\/","title":{"rendered":"Informaci\u00f3n t\u00e9cnica"},"content":{"rendered":"<p>Habonim apoya a los ingenieros proporcionando datos hidr\u00e1ulicos y neum\u00e1ticos, tablas dimensionales, gr\u00e1ficos de torques, informaci\u00f3n sobre caracter\u00edsticas qu\u00edmicas de los metales, pol\u00edmeros y elast\u00f3meros e informaci\u00f3n vital sobre el rendimiento y la automatizaci\u00f3n de las v\u00e1lvulas de bola.<\/p>\n","protected":false},"excerpt":{"rendered":"Habonim apoya a los ingenieros proporcionando datos hidr\u00e1ulicos y neum\u00e1ticos, tablas dimensionales, gr\u00e1ficos de torques, informaci\u00f3n sobre caracter\u00edsticas qu\u00edmicas de los metales, pol\u00edmeros y elast\u00f3meros e informaci\u00f3n vital sobre el rendimiento y la automatizaci\u00f3n de las v\u00e1lvulas de bola.","protected":false},"author":1,"featured_media":14146,"parent":0,"menu_order":0,"comment_status":"closed","ping_status":"closed","template":"pages\/technicalinformation.php","meta":{"_acf_changed":false,"footnotes":""},"class_list":["post-9420","page","type-page","status-publish","has-post-thumbnail","hentry"],"acf":[],"yoast_head":"<!-- This site is optimized with the Yoast SEO plugin v26.6 - https:\/\/yoast.com\/wordpress\/plugins\/seo\/ -->\n<title>Informaci\u00f3n T\u00e9cnica | Habonim<\/title>\n<meta name=\"description\" content=\"Habonim apoya a los ingenieros en su trabajo diario al proporcionar informaci\u00f3n hidr\u00e1ulica y neum\u00e1tica y m\u00e1s. Haga clic para obtener m\u00e1s informaci\u00f3n &gt;&gt;\" \/>\n<meta name=\"robots\" content=\"index, follow, max-snippet:-1, max-image-preview:large, max-video-preview:-1\" \/>\n<link rel=\"canonical\" href=\"https:\/\/habonim.com\/es\/informacion-tecnica\/\" \/>\n<meta property=\"og:locale\" content=\"es_ES\" \/>\n<meta property=\"og:type\" content=\"article\" \/>\n<meta property=\"og:title\" content=\"Informaci\u00f3n T\u00e9cnica | Habonim\" \/>\n<meta property=\"og:description\" content=\"Habonim apoya a los ingenieros en su trabajo diario al proporcionar informaci\u00f3n hidr\u00e1ulica y neum\u00e1tica y m\u00e1s. Haga clic para obtener m\u00e1s informaci\u00f3n &gt;&gt;\" \/>\n<meta property=\"og:url\" content=\"https:\/\/habonim.com\/es\/informacion-tecnica\/\" \/>\n<meta property=\"article:modified_time\" content=\"2024-11-26T14:32:01+00:00\" \/>\n<meta property=\"og:image\" content=\"https:\/\/habonim.com\/wp-content\/uploads\/2017\/05\/technical-information.jpg\" \/>\n\t<meta property=\"og:image:width\" content=\"833\" \/>\n\t<meta property=\"og:image:height\" content=\"968\" \/>\n\t<meta property=\"og:image:type\" content=\"image\/jpeg\" \/>\n<meta name=\"twitter:card\" content=\"summary_large_image\" \/>\n<meta name=\"twitter:label1\" content=\"Tiempo de lectura\" \/>\n\t<meta name=\"twitter:data1\" content=\"1 minuto\" \/>\n<script type=\"application\/ld+json\" class=\"yoast-schema-graph\">{\"@context\":\"https:\/\/schema.org\",\"@graph\":[{\"@type\":\"WebPage\",\"@id\":\"https:\/\/habonim.com\/es\/informacion-tecnica\/\",\"url\":\"https:\/\/habonim.com\/es\/informacion-tecnica\/\",\"name\":\"Informaci\u00f3n T\u00e9cnica | Habonim\",\"isPartOf\":{\"@id\":\"https:\/\/habonim.com\/es\/stage\/#website\"},\"primaryImageOfPage\":{\"@id\":\"https:\/\/habonim.com\/es\/informacion-tecnica\/#primaryimage\"},\"image\":{\"@id\":\"https:\/\/habonim.com\/es\/informacion-tecnica\/#primaryimage\"},\"thumbnailUrl\":\"https:\/\/habonim.com\/wp-content\/uploads\/2017\/05\/technical-information.jpg\",\"datePublished\":\"2017-05-05T14:09:17+00:00\",\"dateModified\":\"2024-11-26T14:32:01+00:00\",\"description\":\"Habonim apoya a los ingenieros en su trabajo diario al proporcionar informaci\u00f3n hidr\u00e1ulica y neum\u00e1tica y m\u00e1s. Haga clic para obtener m\u00e1s informaci\u00f3n >>\",\"breadcrumb\":{\"@id\":\"https:\/\/habonim.com\/es\/informacion-tecnica\/#breadcrumb\"},\"inLanguage\":\"es\",\"potentialAction\":[{\"@type\":\"ReadAction\",\"target\":[\"https:\/\/habonim.com\/es\/informacion-tecnica\/\"]}]},{\"@type\":\"ImageObject\",\"inLanguage\":\"es\",\"@id\":\"https:\/\/habonim.com\/es\/informacion-tecnica\/#primaryimage\",\"url\":\"https:\/\/habonim.com\/wp-content\/uploads\/2017\/05\/technical-information.jpg\",\"contentUrl\":\"https:\/\/habonim.com\/wp-content\/uploads\/2017\/05\/technical-information.jpg\",\"width\":833,\"height\":968},{\"@type\":\"BreadcrumbList\",\"@id\":\"https:\/\/habonim.com\/es\/informacion-tecnica\/#breadcrumb\",\"itemListElement\":[{\"@type\":\"ListItem\",\"position\":1,\"name\":\"Home\",\"item\":\"https:\/\/habonim.com\/es\/\"},{\"@type\":\"ListItem\",\"position\":2,\"name\":\"Informaci\u00f3n t\u00e9cnica\"}]},{\"@type\":\"WebSite\",\"@id\":\"https:\/\/habonim.com\/es\/stage\/#website\",\"url\":\"https:\/\/habonim.com\/es\/stage\/\",\"name\":\"\",\"description\":\"Habonim - Industrial Valves and Actuators\",\"publisher\":{\"@id\":\"https:\/\/habonim.com\/es\/stage\/#organization\"},\"potentialAction\":[{\"@type\":\"SearchAction\",\"target\":{\"@type\":\"EntryPoint\",\"urlTemplate\":\"https:\/\/habonim.com\/es\/stage\/?s={search_term_string}\"},\"query-input\":{\"@type\":\"PropertyValueSpecification\",\"valueRequired\":true,\"valueName\":\"search_term_string\"}}],\"inLanguage\":\"es\"},{\"@type\":\"Organization\",\"@id\":\"https:\/\/habonim.com\/es\/stage\/#organization\",\"name\":\"Habonim\",\"url\":\"https:\/\/habonim.com\/es\/stage\/\",\"logo\":{\"@type\":\"ImageObject\",\"inLanguage\":\"es\",\"@id\":\"https:\/\/habonim.com\/es\/stage\/#\/schema\/logo\/image\/\",\"url\":\"\",\"contentUrl\":\"\",\"caption\":\"Habonim\"},\"image\":{\"@id\":\"https:\/\/habonim.com\/es\/stage\/#\/schema\/logo\/image\/\"}}]}<\/script>\n<!-- \/ Yoast SEO plugin. -->","yoast_head_json":{"title":"Informaci\u00f3n T\u00e9cnica | Habonim","description":"Habonim apoya a los ingenieros en su trabajo diario al proporcionar informaci\u00f3n hidr\u00e1ulica y neum\u00e1tica y m\u00e1s. Haga clic para obtener m\u00e1s informaci\u00f3n >>","robots":{"index":"index","follow":"follow","max-snippet":"max-snippet:-1","max-image-preview":"max-image-preview:large","max-video-preview":"max-video-preview:-1"},"canonical":"https:\/\/habonim.com\/es\/informacion-tecnica\/","og_locale":"es_ES","og_type":"article","og_title":"Informaci\u00f3n T\u00e9cnica | Habonim","og_description":"Habonim apoya a los ingenieros en su trabajo diario al proporcionar informaci\u00f3n hidr\u00e1ulica y neum\u00e1tica y m\u00e1s. Haga clic para obtener m\u00e1s informaci\u00f3n >>","og_url":"https:\/\/habonim.com\/es\/informacion-tecnica\/","article_modified_time":"2024-11-26T14:32:01+00:00","og_image":[{"width":833,"height":968,"url":"https:\/\/habonim.com\/wp-content\/uploads\/2017\/05\/technical-information.jpg","type":"image\/jpeg"}],"twitter_card":"summary_large_image","twitter_misc":{"Tiempo de lectura":"1 minuto"},"schema":{"@context":"https:\/\/schema.org","@graph":[{"@type":"WebPage","@id":"https:\/\/habonim.com\/es\/informacion-tecnica\/","url":"https:\/\/habonim.com\/es\/informacion-tecnica\/","name":"Informaci\u00f3n T\u00e9cnica | Habonim","isPartOf":{"@id":"https:\/\/habonim.com\/es\/stage\/#website"},"primaryImageOfPage":{"@id":"https:\/\/habonim.com\/es\/informacion-tecnica\/#primaryimage"},"image":{"@id":"https:\/\/habonim.com\/es\/informacion-tecnica\/#primaryimage"},"thumbnailUrl":"https:\/\/habonim.com\/wp-content\/uploads\/2017\/05\/technical-information.jpg","datePublished":"2017-05-05T14:09:17+00:00","dateModified":"2024-11-26T14:32:01+00:00","description":"Habonim apoya a los ingenieros en su trabajo diario al proporcionar informaci\u00f3n hidr\u00e1ulica y neum\u00e1tica y m\u00e1s. Haga clic para obtener m\u00e1s informaci\u00f3n >>","breadcrumb":{"@id":"https:\/\/habonim.com\/es\/informacion-tecnica\/#breadcrumb"},"inLanguage":"es","potentialAction":[{"@type":"ReadAction","target":["https:\/\/habonim.com\/es\/informacion-tecnica\/"]}]},{"@type":"ImageObject","inLanguage":"es","@id":"https:\/\/habonim.com\/es\/informacion-tecnica\/#primaryimage","url":"https:\/\/habonim.com\/wp-content\/uploads\/2017\/05\/technical-information.jpg","contentUrl":"https:\/\/habonim.com\/wp-content\/uploads\/2017\/05\/technical-information.jpg","width":833,"height":968},{"@type":"BreadcrumbList","@id":"https:\/\/habonim.com\/es\/informacion-tecnica\/#breadcrumb","itemListElement":[{"@type":"ListItem","position":1,"name":"Home","item":"https:\/\/habonim.com\/es\/"},{"@type":"ListItem","position":2,"name":"Informaci\u00f3n t\u00e9cnica"}]},{"@type":"WebSite","@id":"https:\/\/habonim.com\/es\/stage\/#website","url":"https:\/\/habonim.com\/es\/stage\/","name":"","description":"Habonim - Industrial Valves and Actuators","publisher":{"@id":"https:\/\/habonim.com\/es\/stage\/#organization"},"potentialAction":[{"@type":"SearchAction","target":{"@type":"EntryPoint","urlTemplate":"https:\/\/habonim.com\/es\/stage\/?s={search_term_string}"},"query-input":{"@type":"PropertyValueSpecification","valueRequired":true,"valueName":"search_term_string"}}],"inLanguage":"es"},{"@type":"Organization","@id":"https:\/\/habonim.com\/es\/stage\/#organization","name":"Habonim","url":"https:\/\/habonim.com\/es\/stage\/","logo":{"@type":"ImageObject","inLanguage":"es","@id":"https:\/\/habonim.com\/es\/stage\/#\/schema\/logo\/image\/","url":"","contentUrl":"","caption":"Habonim"},"image":{"@id":"https:\/\/habonim.com\/es\/stage\/#\/schema\/logo\/image\/"}}]}},"_links":{"self":[{"href":"https:\/\/habonim.com\/es\/wp-json\/wp\/v2\/pages\/9420","targetHints":{"allow":["GET"]}}],"collection":[{"href":"https:\/\/habonim.com\/es\/wp-json\/wp\/v2\/pages"}],"about":[{"href":"https:\/\/habonim.com\/es\/wp-json\/wp\/v2\/types\/page"}],"author":[{"embeddable":true,"href":"https:\/\/habonim.com\/es\/wp-json\/wp\/v2\/users\/1"}],"replies":[{"embeddable":true,"href":"https:\/\/habonim.com\/es\/wp-json\/wp\/v2\/comments?post=9420"}],"version-history":[{"count":14,"href":"https:\/\/habonim.com\/es\/wp-json\/wp\/v2\/pages\/9420\/revisions"}],"predecessor-version":[{"id":15333,"href":"https:\/\/habonim.com\/es\/wp-json\/wp\/v2\/pages\/9420\/revisions\/15333"}],"wp:featuredmedia":[{"embeddable":true,"href":"https:\/\/habonim.com\/es\/wp-json\/wp\/v2\/media\/14146"}],"wp:attachment":[{"href":"https:\/\/habonim.com\/es\/wp-json\/wp\/v2\/media?parent=9420"}],"curies":[{"name":"wp","href":"https:\/\/api.w.org\/{rel}","templated":true}]}}