{"id":9320,"date":"2017-06-25T07:28:56","date_gmt":"2017-06-25T07:28:56","guid":{"rendered":"https:\/\/habonim.com\/stage\/sector-api\/"},"modified":"2024-02-04T15:07:51","modified_gmt":"2024-02-04T15:07:51","slug":"sector-api","status":"publish","type":"page","link":"https:\/\/habonim.com\/es\/sector-api\/","title":{"rendered":"Sector API"},"content":{"rendered":"","protected":false},"excerpt":{"rendered":"","protected":false},"author":1,"featured_media":0,"parent":0,"menu_order":0,"comment_status":"closed","ping_status":"closed","template":"pages\/applicationpage.php","meta":{"_acf_changed":false,"footnotes":""},"class_list":["post-9320","page","type-page","status-publish","hentry"],"acf":[],"yoast_head":"<!-- This site is optimized with the Yoast SEO plugin v26.6 - https:\/\/yoast.com\/wordpress\/plugins\/seo\/ -->\n<title>V\u00e1lvulas Para API - Habonim Valves<\/title>\n<meta name=\"description\" content=\"Habonim proporciona una l\u00ednea de productos Premium que se basa en su tecnolog\u00eda Segura contra incendios (Fire Safe) patentada HermetiX\u2122\" \/>\n<meta name=\"robots\" content=\"index, follow, max-snippet:-1, max-image-preview:large, max-video-preview:-1\" \/>\n<link rel=\"canonical\" href=\"https:\/\/habonim.com\/es\/sector-api\/\" \/>\n<meta property=\"og:locale\" content=\"es_ES\" \/>\n<meta property=\"og:type\" content=\"article\" \/>\n<meta property=\"og:title\" content=\"V\u00e1lvulas Para API - Habonim Valves\" \/>\n<meta property=\"og:description\" content=\"Habonim proporciona una l\u00ednea de productos Premium que se basa en su tecnolog\u00eda Segura contra incendios (Fire Safe) patentada HermetiX\u2122\" \/>\n<meta property=\"og:url\" content=\"https:\/\/habonim.com\/es\/sector-api\/\" \/>\n<meta property=\"article:modified_time\" content=\"2024-02-04T15:07:51+00:00\" \/>\n<meta name=\"twitter:card\" content=\"summary_large_image\" \/>\n<script type=\"application\/ld+json\" class=\"yoast-schema-graph\">{\"@context\":\"https:\/\/schema.org\",\"@graph\":[{\"@type\":\"WebPage\",\"@id\":\"https:\/\/habonim.com\/es\/sector-api\/\",\"url\":\"https:\/\/habonim.com\/es\/sector-api\/\",\"name\":\"V\u00e1lvulas Para API - Habonim Valves\",\"isPartOf\":{\"@id\":\"https:\/\/habonim.com\/es\/stage\/#website\"},\"datePublished\":\"2017-06-25T07:28:56+00:00\",\"dateModified\":\"2024-02-04T15:07:51+00:00\",\"description\":\"Habonim proporciona una l\u00ednea de productos Premium que se basa en su tecnolog\u00eda Segura contra incendios (Fire Safe) patentada HermetiX\u2122\",\"breadcrumb\":{\"@id\":\"https:\/\/habonim.com\/es\/sector-api\/#breadcrumb\"},\"inLanguage\":\"es\",\"potentialAction\":[{\"@type\":\"ReadAction\",\"target\":[\"https:\/\/habonim.com\/es\/sector-api\/\"]}]},{\"@type\":\"BreadcrumbList\",\"@id\":\"https:\/\/habonim.com\/es\/sector-api\/#breadcrumb\",\"itemListElement\":[{\"@type\":\"ListItem\",\"position\":1,\"name\":\"Home\",\"item\":\"https:\/\/habonim.com\/es\/\"},{\"@type\":\"ListItem\",\"position\":2,\"name\":\"Sector API\"}]},{\"@type\":\"WebSite\",\"@id\":\"https:\/\/habonim.com\/es\/stage\/#website\",\"url\":\"https:\/\/habonim.com\/es\/stage\/\",\"name\":\"\",\"description\":\"Habonim - Industrial Valves and Actuators\",\"publisher\":{\"@id\":\"https:\/\/habonim.com\/es\/stage\/#organization\"},\"potentialAction\":[{\"@type\":\"SearchAction\",\"target\":{\"@type\":\"EntryPoint\",\"urlTemplate\":\"https:\/\/habonim.com\/es\/stage\/?s={search_term_string}\"},\"query-input\":{\"@type\":\"PropertyValueSpecification\",\"valueRequired\":true,\"valueName\":\"search_term_string\"}}],\"inLanguage\":\"es\"},{\"@type\":\"Organization\",\"@id\":\"https:\/\/habonim.com\/es\/stage\/#organization\",\"name\":\"Habonim\",\"url\":\"https:\/\/habonim.com\/es\/stage\/\",\"logo\":{\"@type\":\"ImageObject\",\"inLanguage\":\"es\",\"@id\":\"https:\/\/habonim.com\/es\/stage\/#\/schema\/logo\/image\/\",\"url\":\"\",\"contentUrl\":\"\",\"caption\":\"Habonim\"},\"image\":{\"@id\":\"https:\/\/habonim.com\/es\/stage\/#\/schema\/logo\/image\/\"}}]}<\/script>\n<!-- \/ Yoast SEO plugin. -->","yoast_head_json":{"title":"V\u00e1lvulas Para API - Habonim Valves","description":"Habonim proporciona una l\u00ednea de productos Premium que se basa en su tecnolog\u00eda Segura contra incendios (Fire Safe) patentada HermetiX\u2122","robots":{"index":"index","follow":"follow","max-snippet":"max-snippet:-1","max-image-preview":"max-image-preview:large","max-video-preview":"max-video-preview:-1"},"canonical":"https:\/\/habonim.com\/es\/sector-api\/","og_locale":"es_ES","og_type":"article","og_title":"V\u00e1lvulas Para API - Habonim Valves","og_description":"Habonim proporciona una l\u00ednea de productos Premium que se basa en su tecnolog\u00eda Segura contra incendios (Fire Safe) patentada HermetiX\u2122","og_url":"https:\/\/habonim.com\/es\/sector-api\/","article_modified_time":"2024-02-04T15:07:51+00:00","twitter_card":"summary_large_image","schema":{"@context":"https:\/\/schema.org","@graph":[{"@type":"WebPage","@id":"https:\/\/habonim.com\/es\/sector-api\/","url":"https:\/\/habonim.com\/es\/sector-api\/","name":"V\u00e1lvulas Para API - Habonim Valves","isPartOf":{"@id":"https:\/\/habonim.com\/es\/stage\/#website"},"datePublished":"2017-06-25T07:28:56+00:00","dateModified":"2024-02-04T15:07:51+00:00","description":"Habonim proporciona una l\u00ednea de productos Premium que se basa en su tecnolog\u00eda Segura contra incendios (Fire Safe) patentada HermetiX\u2122","breadcrumb":{"@id":"https:\/\/habonim.com\/es\/sector-api\/#breadcrumb"},"inLanguage":"es","potentialAction":[{"@type":"ReadAction","target":["https:\/\/habonim.com\/es\/sector-api\/"]}]},{"@type":"BreadcrumbList","@id":"https:\/\/habonim.com\/es\/sector-api\/#breadcrumb","itemListElement":[{"@type":"ListItem","position":1,"name":"Home","item":"https:\/\/habonim.com\/es\/"},{"@type":"ListItem","position":2,"name":"Sector API"}]},{"@type":"WebSite","@id":"https:\/\/habonim.com\/es\/stage\/#website","url":"https:\/\/habonim.com\/es\/stage\/","name":"","description":"Habonim - Industrial Valves and Actuators","publisher":{"@id":"https:\/\/habonim.com\/es\/stage\/#organization"},"potentialAction":[{"@type":"SearchAction","target":{"@type":"EntryPoint","urlTemplate":"https:\/\/habonim.com\/es\/stage\/?s={search_term_string}"},"query-input":{"@type":"PropertyValueSpecification","valueRequired":true,"valueName":"search_term_string"}}],"inLanguage":"es"},{"@type":"Organization","@id":"https:\/\/habonim.com\/es\/stage\/#organization","name":"Habonim","url":"https:\/\/habonim.com\/es\/stage\/","logo":{"@type":"ImageObject","inLanguage":"es","@id":"https:\/\/habonim.com\/es\/stage\/#\/schema\/logo\/image\/","url":"","contentUrl":"","caption":"Habonim"},"image":{"@id":"https:\/\/habonim.com\/es\/stage\/#\/schema\/logo\/image\/"}}]}},"_links":{"self":[{"href":"https:\/\/habonim.com\/es\/wp-json\/wp\/v2\/pages\/9320","targetHints":{"allow":["GET"]}}],"collection":[{"href":"https:\/\/habonim.com\/es\/wp-json\/wp\/v2\/pages"}],"about":[{"href":"https:\/\/habonim.com\/es\/wp-json\/wp\/v2\/types\/page"}],"author":[{"embeddable":true,"href":"https:\/\/habonim.com\/es\/wp-json\/wp\/v2\/users\/1"}],"replies":[{"embeddable":true,"href":"https:\/\/habonim.com\/es\/wp-json\/wp\/v2\/comments?post=9320"}],"version-history":[{"count":10,"href":"https:\/\/habonim.com\/es\/wp-json\/wp\/v2\/pages\/9320\/revisions"}],"predecessor-version":[{"id":13701,"href":"https:\/\/habonim.com\/es\/wp-json\/wp\/v2\/pages\/9320\/revisions\/13701"}],"wp:attachment":[{"href":"https:\/\/habonim.com\/es\/wp-json\/wp\/v2\/media?parent=9320"}],"curies":[{"name":"wp","href":"https:\/\/api.w.org\/{rel}","templated":true}]}}