{"id":9319,"date":"2017-06-25T08:04:51","date_gmt":"2017-06-25T08:04:51","guid":{"rendered":"https:\/\/habonim.com\/stage\/valvulas-sanitarias-para-biotecnologia\/"},"modified":"2026-04-09T11:48:15","modified_gmt":"2026-04-09T11:48:15","slug":"valvulas-sanitarias-para-biotecnologia","status":"publish","type":"page","link":"https:\/\/habonim.com\/es\/valvulas-sanitarias-para-biotecnologia\/","title":{"rendered":"V\u00e1lvulas sanitarias para biotecnolog\u00eda"},"content":{"rendered":"","protected":false},"excerpt":{"rendered":"","protected":false},"author":1,"featured_media":0,"parent":0,"menu_order":0,"comment_status":"closed","ping_status":"closed","template":"pages\/applicationpage.php","meta":{"_acf_changed":false,"footnotes":""},"class_list":["post-9319","page","type-page","status-publish","hentry"],"acf":[],"yoast_head":"<!-- This site is optimized with the Yoast SEO plugin v26.6 - https:\/\/yoast.com\/wordpress\/plugins\/seo\/ -->\n<title>V\u00e1lvulas Sanitarias Para la Industria Biotecnol\u00f3gica<\/title>\n<meta name=\"description\" content=\"La l\u00ednea TuBore\u2122 son v\u00e1lvulas de bola sanitarias para la industria biotecnol\u00f3gica. Las v\u00e1lvulas cumplen con el est\u00e1ndar ASME BPE para aplicaciones\" \/>\n<meta name=\"robots\" content=\"index, follow, max-snippet:-1, max-image-preview:large, max-video-preview:-1\" \/>\n<link rel=\"canonical\" href=\"https:\/\/habonim.com\/es\/valvulas-sanitarias-para-biotecnologia\/\" \/>\n<meta property=\"og:locale\" content=\"es_ES\" \/>\n<meta property=\"og:type\" content=\"article\" \/>\n<meta property=\"og:title\" content=\"V\u00e1lvulas Sanitarias Para la Industria Biotecnol\u00f3gica\" \/>\n<meta property=\"og:description\" content=\"La l\u00ednea TuBore\u2122 son v\u00e1lvulas de bola sanitarias para la industria biotecnol\u00f3gica. Las v\u00e1lvulas cumplen con el est\u00e1ndar ASME BPE para aplicaciones\" \/>\n<meta property=\"og:url\" content=\"https:\/\/habonim.com\/es\/valvulas-sanitarias-para-biotecnologia\/\" \/>\n<meta property=\"article:modified_time\" content=\"2026-04-09T11:48:15+00:00\" \/>\n<meta name=\"twitter:card\" content=\"summary_large_image\" \/>\n<script type=\"application\/ld+json\" class=\"yoast-schema-graph\">{\"@context\":\"https:\/\/schema.org\",\"@graph\":[{\"@type\":\"WebPage\",\"@id\":\"https:\/\/habonim.com\/es\/valvulas-sanitarias-para-biotecnologia\/\",\"url\":\"https:\/\/habonim.com\/es\/valvulas-sanitarias-para-biotecnologia\/\",\"name\":\"V\u00e1lvulas Sanitarias Para la Industria Biotecnol\u00f3gica\",\"isPartOf\":{\"@id\":\"https:\/\/habonim.com\/es\/stage\/#website\"},\"datePublished\":\"2017-06-25T08:04:51+00:00\",\"dateModified\":\"2026-04-09T11:48:15+00:00\",\"description\":\"La l\u00ednea TuBore\u2122 son v\u00e1lvulas de bola sanitarias para la industria biotecnol\u00f3gica. Las v\u00e1lvulas cumplen con el est\u00e1ndar ASME BPE para aplicaciones\",\"breadcrumb\":{\"@id\":\"https:\/\/habonim.com\/es\/valvulas-sanitarias-para-biotecnologia\/#breadcrumb\"},\"inLanguage\":\"es\",\"potentialAction\":[{\"@type\":\"ReadAction\",\"target\":[\"https:\/\/habonim.com\/es\/valvulas-sanitarias-para-biotecnologia\/\"]}]},{\"@type\":\"BreadcrumbList\",\"@id\":\"https:\/\/habonim.com\/es\/valvulas-sanitarias-para-biotecnologia\/#breadcrumb\",\"itemListElement\":[{\"@type\":\"ListItem\",\"position\":1,\"name\":\"Home\",\"item\":\"https:\/\/habonim.com\/es\/\"},{\"@type\":\"ListItem\",\"position\":2,\"name\":\"V\u00e1lvulas sanitarias para biotecnolog\u00eda\"}]},{\"@type\":\"WebSite\",\"@id\":\"https:\/\/habonim.com\/es\/stage\/#website\",\"url\":\"https:\/\/habonim.com\/es\/stage\/\",\"name\":\"\",\"description\":\"Habonim - Industrial Valves and Actuators\",\"publisher\":{\"@id\":\"https:\/\/habonim.com\/es\/stage\/#organization\"},\"potentialAction\":[{\"@type\":\"SearchAction\",\"target\":{\"@type\":\"EntryPoint\",\"urlTemplate\":\"https:\/\/habonim.com\/es\/stage\/?s={search_term_string}\"},\"query-input\":{\"@type\":\"PropertyValueSpecification\",\"valueRequired\":true,\"valueName\":\"search_term_string\"}}],\"inLanguage\":\"es\"},{\"@type\":\"Organization\",\"@id\":\"https:\/\/habonim.com\/es\/stage\/#organization\",\"name\":\"Habonim\",\"url\":\"https:\/\/habonim.com\/es\/stage\/\",\"logo\":{\"@type\":\"ImageObject\",\"inLanguage\":\"es\",\"@id\":\"https:\/\/habonim.com\/es\/stage\/#\/schema\/logo\/image\/\",\"url\":\"\",\"contentUrl\":\"\",\"caption\":\"Habonim\"},\"image\":{\"@id\":\"https:\/\/habonim.com\/es\/stage\/#\/schema\/logo\/image\/\"}}]}<\/script>\n<!-- \/ Yoast SEO plugin. -->","yoast_head_json":{"title":"V\u00e1lvulas Sanitarias Para la Industria Biotecnol\u00f3gica","description":"La l\u00ednea TuBore\u2122 son v\u00e1lvulas de bola sanitarias para la industria biotecnol\u00f3gica. Las v\u00e1lvulas cumplen con el est\u00e1ndar ASME BPE para aplicaciones","robots":{"index":"index","follow":"follow","max-snippet":"max-snippet:-1","max-image-preview":"max-image-preview:large","max-video-preview":"max-video-preview:-1"},"canonical":"https:\/\/habonim.com\/es\/valvulas-sanitarias-para-biotecnologia\/","og_locale":"es_ES","og_type":"article","og_title":"V\u00e1lvulas Sanitarias Para la Industria Biotecnol\u00f3gica","og_description":"La l\u00ednea TuBore\u2122 son v\u00e1lvulas de bola sanitarias para la industria biotecnol\u00f3gica. Las v\u00e1lvulas cumplen con el est\u00e1ndar ASME BPE para aplicaciones","og_url":"https:\/\/habonim.com\/es\/valvulas-sanitarias-para-biotecnologia\/","article_modified_time":"2026-04-09T11:48:15+00:00","twitter_card":"summary_large_image","schema":{"@context":"https:\/\/schema.org","@graph":[{"@type":"WebPage","@id":"https:\/\/habonim.com\/es\/valvulas-sanitarias-para-biotecnologia\/","url":"https:\/\/habonim.com\/es\/valvulas-sanitarias-para-biotecnologia\/","name":"V\u00e1lvulas Sanitarias Para la Industria Biotecnol\u00f3gica","isPartOf":{"@id":"https:\/\/habonim.com\/es\/stage\/#website"},"datePublished":"2017-06-25T08:04:51+00:00","dateModified":"2026-04-09T11:48:15+00:00","description":"La l\u00ednea TuBore\u2122 son v\u00e1lvulas de bola sanitarias para la industria biotecnol\u00f3gica. Las v\u00e1lvulas cumplen con el est\u00e1ndar ASME BPE para aplicaciones","breadcrumb":{"@id":"https:\/\/habonim.com\/es\/valvulas-sanitarias-para-biotecnologia\/#breadcrumb"},"inLanguage":"es","potentialAction":[{"@type":"ReadAction","target":["https:\/\/habonim.com\/es\/valvulas-sanitarias-para-biotecnologia\/"]}]},{"@type":"BreadcrumbList","@id":"https:\/\/habonim.com\/es\/valvulas-sanitarias-para-biotecnologia\/#breadcrumb","itemListElement":[{"@type":"ListItem","position":1,"name":"Home","item":"https:\/\/habonim.com\/es\/"},{"@type":"ListItem","position":2,"name":"V\u00e1lvulas sanitarias para biotecnolog\u00eda"}]},{"@type":"WebSite","@id":"https:\/\/habonim.com\/es\/stage\/#website","url":"https:\/\/habonim.com\/es\/stage\/","name":"","description":"Habonim - Industrial Valves and Actuators","publisher":{"@id":"https:\/\/habonim.com\/es\/stage\/#organization"},"potentialAction":[{"@type":"SearchAction","target":{"@type":"EntryPoint","urlTemplate":"https:\/\/habonim.com\/es\/stage\/?s={search_term_string}"},"query-input":{"@type":"PropertyValueSpecification","valueRequired":true,"valueName":"search_term_string"}}],"inLanguage":"es"},{"@type":"Organization","@id":"https:\/\/habonim.com\/es\/stage\/#organization","name":"Habonim","url":"https:\/\/habonim.com\/es\/stage\/","logo":{"@type":"ImageObject","inLanguage":"es","@id":"https:\/\/habonim.com\/es\/stage\/#\/schema\/logo\/image\/","url":"","contentUrl":"","caption":"Habonim"},"image":{"@id":"https:\/\/habonim.com\/es\/stage\/#\/schema\/logo\/image\/"}}]}},"_links":{"self":[{"href":"https:\/\/habonim.com\/es\/wp-json\/wp\/v2\/pages\/9319","targetHints":{"allow":["GET"]}}],"collection":[{"href":"https:\/\/habonim.com\/es\/wp-json\/wp\/v2\/pages"}],"about":[{"href":"https:\/\/habonim.com\/es\/wp-json\/wp\/v2\/types\/page"}],"author":[{"embeddable":true,"href":"https:\/\/habonim.com\/es\/wp-json\/wp\/v2\/users\/1"}],"replies":[{"embeddable":true,"href":"https:\/\/habonim.com\/es\/wp-json\/wp\/v2\/comments?post=9319"}],"version-history":[{"count":5,"href":"https:\/\/habonim.com\/es\/wp-json\/wp\/v2\/pages\/9319\/revisions"}],"predecessor-version":[{"id":18615,"href":"https:\/\/habonim.com\/es\/wp-json\/wp\/v2\/pages\/9319\/revisions\/18615"}],"wp:attachment":[{"href":"https:\/\/habonim.com\/es\/wp-json\/wp\/v2\/media?parent=9319"}],"curies":[{"name":"wp","href":"https:\/\/api.w.org\/{rel}","templated":true}]}}