{"id":9317,"date":"2017-06-25T09:41:20","date_gmt":"2017-06-25T09:41:20","guid":{"rendered":"https:\/\/habonim.com\/stage\/industrias-energia\/"},"modified":"2024-01-29T16:11:16","modified_gmt":"2024-01-29T16:11:16","slug":"industrias-energia","status":"publish","type":"page","link":"https:\/\/habonim.com\/es\/industrias-energia\/","title":{"rendered":"Industrias &#8211; Energ\u00eda"},"content":{"rendered":"","protected":false},"excerpt":{"rendered":"","protected":false},"author":1,"featured_media":0,"parent":0,"menu_order":0,"comment_status":"closed","ping_status":"closed","template":"pages\/applicationpage.php","meta":{"_acf_changed":false,"footnotes":""},"class_list":["post-9317","page","type-page","status-publish","hentry"],"acf":[],"yoast_head":"<!-- This site is optimized with the Yoast SEO plugin v26.6 - https:\/\/yoast.com\/wordpress\/plugins\/seo\/ -->\n<title>Sector de Energ\u00eda: Soluciones de Control de Flujo<\/title>\n<meta name=\"description\" content=\"Sector de energ\u00eda: V\u00e1lvulas Seguras contra incendios (Fire Safe) y soluciones ultra confiables en una amplia gama de temperaturas y presiones.\" \/>\n<meta name=\"robots\" content=\"index, follow, max-snippet:-1, max-image-preview:large, max-video-preview:-1\" \/>\n<link rel=\"canonical\" href=\"https:\/\/habonim.com\/es\/industrias-energia\/\" \/>\n<meta property=\"og:locale\" content=\"es_ES\" \/>\n<meta property=\"og:type\" content=\"article\" \/>\n<meta property=\"og:title\" content=\"Sector de Energ\u00eda: Soluciones de Control de Flujo\" \/>\n<meta property=\"og:description\" content=\"Sector de energ\u00eda: V\u00e1lvulas Seguras contra incendios (Fire Safe) y soluciones ultra confiables en una amplia gama de temperaturas y presiones.\" \/>\n<meta property=\"og:url\" content=\"https:\/\/habonim.com\/es\/industrias-energia\/\" \/>\n<meta property=\"article:modified_time\" content=\"2024-01-29T16:11:16+00:00\" \/>\n<meta name=\"twitter:card\" content=\"summary_large_image\" \/>\n<script type=\"application\/ld+json\" class=\"yoast-schema-graph\">{\"@context\":\"https:\/\/schema.org\",\"@graph\":[{\"@type\":\"WebPage\",\"@id\":\"https:\/\/habonim.com\/es\/industrias-energia\/\",\"url\":\"https:\/\/habonim.com\/es\/industrias-energia\/\",\"name\":\"Sector de Energ\u00eda: Soluciones de Control de Flujo\",\"isPartOf\":{\"@id\":\"https:\/\/habonim.com\/es\/stage\/#website\"},\"datePublished\":\"2017-06-25T09:41:20+00:00\",\"dateModified\":\"2024-01-29T16:11:16+00:00\",\"description\":\"Sector de energ\u00eda: V\u00e1lvulas Seguras contra incendios (Fire Safe) y soluciones ultra confiables en una amplia gama de temperaturas y presiones.\",\"breadcrumb\":{\"@id\":\"https:\/\/habonim.com\/es\/industrias-energia\/#breadcrumb\"},\"inLanguage\":\"es\",\"potentialAction\":[{\"@type\":\"ReadAction\",\"target\":[\"https:\/\/habonim.com\/es\/industrias-energia\/\"]}]},{\"@type\":\"BreadcrumbList\",\"@id\":\"https:\/\/habonim.com\/es\/industrias-energia\/#breadcrumb\",\"itemListElement\":[{\"@type\":\"ListItem\",\"position\":1,\"name\":\"Home\",\"item\":\"https:\/\/habonim.com\/es\/\"},{\"@type\":\"ListItem\",\"position\":2,\"name\":\"Industrias &#8211; Energ\u00eda\"}]},{\"@type\":\"WebSite\",\"@id\":\"https:\/\/habonim.com\/es\/stage\/#website\",\"url\":\"https:\/\/habonim.com\/es\/stage\/\",\"name\":\"\",\"description\":\"Habonim - Industrial Valves and Actuators\",\"publisher\":{\"@id\":\"https:\/\/habonim.com\/es\/stage\/#organization\"},\"potentialAction\":[{\"@type\":\"SearchAction\",\"target\":{\"@type\":\"EntryPoint\",\"urlTemplate\":\"https:\/\/habonim.com\/es\/stage\/?s={search_term_string}\"},\"query-input\":{\"@type\":\"PropertyValueSpecification\",\"valueRequired\":true,\"valueName\":\"search_term_string\"}}],\"inLanguage\":\"es\"},{\"@type\":\"Organization\",\"@id\":\"https:\/\/habonim.com\/es\/stage\/#organization\",\"name\":\"Habonim\",\"url\":\"https:\/\/habonim.com\/es\/stage\/\",\"logo\":{\"@type\":\"ImageObject\",\"inLanguage\":\"es\",\"@id\":\"https:\/\/habonim.com\/es\/stage\/#\/schema\/logo\/image\/\",\"url\":\"\",\"contentUrl\":\"\",\"caption\":\"Habonim\"},\"image\":{\"@id\":\"https:\/\/habonim.com\/es\/stage\/#\/schema\/logo\/image\/\"}}]}<\/script>\n<!-- \/ Yoast SEO plugin. -->","yoast_head_json":{"title":"Sector de Energ\u00eda: Soluciones de Control de Flujo","description":"Sector de energ\u00eda: V\u00e1lvulas Seguras contra incendios (Fire Safe) y soluciones ultra confiables en una amplia gama de temperaturas y presiones.","robots":{"index":"index","follow":"follow","max-snippet":"max-snippet:-1","max-image-preview":"max-image-preview:large","max-video-preview":"max-video-preview:-1"},"canonical":"https:\/\/habonim.com\/es\/industrias-energia\/","og_locale":"es_ES","og_type":"article","og_title":"Sector de Energ\u00eda: Soluciones de Control de Flujo","og_description":"Sector de energ\u00eda: V\u00e1lvulas Seguras contra incendios (Fire Safe) y soluciones ultra confiables en una amplia gama de temperaturas y presiones.","og_url":"https:\/\/habonim.com\/es\/industrias-energia\/","article_modified_time":"2024-01-29T16:11:16+00:00","twitter_card":"summary_large_image","schema":{"@context":"https:\/\/schema.org","@graph":[{"@type":"WebPage","@id":"https:\/\/habonim.com\/es\/industrias-energia\/","url":"https:\/\/habonim.com\/es\/industrias-energia\/","name":"Sector de Energ\u00eda: Soluciones de Control de Flujo","isPartOf":{"@id":"https:\/\/habonim.com\/es\/stage\/#website"},"datePublished":"2017-06-25T09:41:20+00:00","dateModified":"2024-01-29T16:11:16+00:00","description":"Sector de energ\u00eda: V\u00e1lvulas Seguras contra incendios (Fire Safe) y soluciones ultra confiables en una amplia gama de temperaturas y presiones.","breadcrumb":{"@id":"https:\/\/habonim.com\/es\/industrias-energia\/#breadcrumb"},"inLanguage":"es","potentialAction":[{"@type":"ReadAction","target":["https:\/\/habonim.com\/es\/industrias-energia\/"]}]},{"@type":"BreadcrumbList","@id":"https:\/\/habonim.com\/es\/industrias-energia\/#breadcrumb","itemListElement":[{"@type":"ListItem","position":1,"name":"Home","item":"https:\/\/habonim.com\/es\/"},{"@type":"ListItem","position":2,"name":"Industrias &#8211; Energ\u00eda"}]},{"@type":"WebSite","@id":"https:\/\/habonim.com\/es\/stage\/#website","url":"https:\/\/habonim.com\/es\/stage\/","name":"","description":"Habonim - Industrial Valves and Actuators","publisher":{"@id":"https:\/\/habonim.com\/es\/stage\/#organization"},"potentialAction":[{"@type":"SearchAction","target":{"@type":"EntryPoint","urlTemplate":"https:\/\/habonim.com\/es\/stage\/?s={search_term_string}"},"query-input":{"@type":"PropertyValueSpecification","valueRequired":true,"valueName":"search_term_string"}}],"inLanguage":"es"},{"@type":"Organization","@id":"https:\/\/habonim.com\/es\/stage\/#organization","name":"Habonim","url":"https:\/\/habonim.com\/es\/stage\/","logo":{"@type":"ImageObject","inLanguage":"es","@id":"https:\/\/habonim.com\/es\/stage\/#\/schema\/logo\/image\/","url":"","contentUrl":"","caption":"Habonim"},"image":{"@id":"https:\/\/habonim.com\/es\/stage\/#\/schema\/logo\/image\/"}}]}},"_links":{"self":[{"href":"https:\/\/habonim.com\/es\/wp-json\/wp\/v2\/pages\/9317","targetHints":{"allow":["GET"]}}],"collection":[{"href":"https:\/\/habonim.com\/es\/wp-json\/wp\/v2\/pages"}],"about":[{"href":"https:\/\/habonim.com\/es\/wp-json\/wp\/v2\/types\/page"}],"author":[{"embeddable":true,"href":"https:\/\/habonim.com\/es\/wp-json\/wp\/v2\/users\/1"}],"replies":[{"embeddable":true,"href":"https:\/\/habonim.com\/es\/wp-json\/wp\/v2\/comments?post=9317"}],"version-history":[{"count":10,"href":"https:\/\/habonim.com\/es\/wp-json\/wp\/v2\/pages\/9317\/revisions"}],"predecessor-version":[{"id":13643,"href":"https:\/\/habonim.com\/es\/wp-json\/wp\/v2\/pages\/9317\/revisions\/13643"}],"wp:attachment":[{"href":"https:\/\/habonim.com\/es\/wp-json\/wp\/v2\/media?parent=9317"}],"curies":[{"name":"wp","href":"https:\/\/api.w.org\/{rel}","templated":true}]}}