{"id":9314,"date":"2017-06-25T10:16:23","date_gmt":"2017-06-25T10:16:23","guid":{"rendered":"https:\/\/habonim.com\/stage\/industrias-petroleo-y-gas\/"},"modified":"2024-02-05T07:50:18","modified_gmt":"2024-02-05T07:50:18","slug":"industrias-petroleo-y-gas","status":"publish","type":"page","link":"https:\/\/habonim.com\/es\/industrias-petroleo-y-gas\/","title":{"rendered":"Industrias &#8211; Petr\u00f3leo y Gas"},"content":{"rendered":"","protected":false},"excerpt":{"rendered":"","protected":false},"author":1,"featured_media":0,"parent":0,"menu_order":0,"comment_status":"closed","ping_status":"closed","template":"pages\/applicationpage.php","meta":{"_acf_changed":false,"footnotes":""},"class_list":["post-9314","page","type-page","status-publish","hentry"],"acf":[],"yoast_head":"<!-- This site is optimized with the Yoast SEO plugin v26.6 - https:\/\/yoast.com\/wordpress\/plugins\/seo\/ -->\n<title>O&amp;G: Certificado de Emisiones Y Uso Contra Incendios<\/title>\n<meta name=\"description\" content=\"Busca v\u00e1lvulas de O&amp;G ?, Habonim ofrece un est\u00e1ndar innovador en las v\u00e1lvulas Seguras contra incendios (Fire Safe) HermetiX\u2122\" \/>\n<meta name=\"robots\" content=\"index, follow, max-snippet:-1, max-image-preview:large, max-video-preview:-1\" \/>\n<link rel=\"canonical\" href=\"https:\/\/habonim.com\/es\/industrias-petroleo-y-gas\/\" \/>\n<meta property=\"og:locale\" content=\"es_ES\" \/>\n<meta property=\"og:type\" content=\"article\" \/>\n<meta property=\"og:title\" content=\"O&amp;G: Certificado de Emisiones Y Uso Contra Incendios\" \/>\n<meta property=\"og:description\" content=\"Busca v\u00e1lvulas de O&amp;G ?, Habonim ofrece un est\u00e1ndar innovador en las v\u00e1lvulas Seguras contra incendios (Fire Safe) HermetiX\u2122\" \/>\n<meta property=\"og:url\" content=\"https:\/\/habonim.com\/es\/industrias-petroleo-y-gas\/\" \/>\n<meta property=\"article:modified_time\" content=\"2024-02-05T07:50:18+00:00\" \/>\n<meta name=\"twitter:card\" content=\"summary_large_image\" \/>\n<script type=\"application\/ld+json\" class=\"yoast-schema-graph\">{\"@context\":\"https:\/\/schema.org\",\"@graph\":[{\"@type\":\"WebPage\",\"@id\":\"https:\/\/habonim.com\/es\/industrias-petroleo-y-gas\/\",\"url\":\"https:\/\/habonim.com\/es\/industrias-petroleo-y-gas\/\",\"name\":\"O&G: Certificado de Emisiones Y Uso Contra Incendios\",\"isPartOf\":{\"@id\":\"https:\/\/habonim.com\/es\/stage\/#website\"},\"datePublished\":\"2017-06-25T10:16:23+00:00\",\"dateModified\":\"2024-02-05T07:50:18+00:00\",\"description\":\"Busca v\u00e1lvulas de O&G ?, Habonim ofrece un est\u00e1ndar innovador en las v\u00e1lvulas Seguras contra incendios (Fire Safe) HermetiX\u2122\",\"breadcrumb\":{\"@id\":\"https:\/\/habonim.com\/es\/industrias-petroleo-y-gas\/#breadcrumb\"},\"inLanguage\":\"es\",\"potentialAction\":[{\"@type\":\"ReadAction\",\"target\":[\"https:\/\/habonim.com\/es\/industrias-petroleo-y-gas\/\"]}]},{\"@type\":\"BreadcrumbList\",\"@id\":\"https:\/\/habonim.com\/es\/industrias-petroleo-y-gas\/#breadcrumb\",\"itemListElement\":[{\"@type\":\"ListItem\",\"position\":1,\"name\":\"Home\",\"item\":\"https:\/\/habonim.com\/es\/\"},{\"@type\":\"ListItem\",\"position\":2,\"name\":\"Industrias &#8211; Petr\u00f3leo y Gas\"}]},{\"@type\":\"WebSite\",\"@id\":\"https:\/\/habonim.com\/es\/stage\/#website\",\"url\":\"https:\/\/habonim.com\/es\/stage\/\",\"name\":\"\",\"description\":\"Habonim - Industrial Valves and Actuators\",\"publisher\":{\"@id\":\"https:\/\/habonim.com\/es\/stage\/#organization\"},\"potentialAction\":[{\"@type\":\"SearchAction\",\"target\":{\"@type\":\"EntryPoint\",\"urlTemplate\":\"https:\/\/habonim.com\/es\/stage\/?s={search_term_string}\"},\"query-input\":{\"@type\":\"PropertyValueSpecification\",\"valueRequired\":true,\"valueName\":\"search_term_string\"}}],\"inLanguage\":\"es\"},{\"@type\":\"Organization\",\"@id\":\"https:\/\/habonim.com\/es\/stage\/#organization\",\"name\":\"Habonim\",\"url\":\"https:\/\/habonim.com\/es\/stage\/\",\"logo\":{\"@type\":\"ImageObject\",\"inLanguage\":\"es\",\"@id\":\"https:\/\/habonim.com\/es\/stage\/#\/schema\/logo\/image\/\",\"url\":\"\",\"contentUrl\":\"\",\"caption\":\"Habonim\"},\"image\":{\"@id\":\"https:\/\/habonim.com\/es\/stage\/#\/schema\/logo\/image\/\"}}]}<\/script>\n<!-- \/ Yoast SEO plugin. -->","yoast_head_json":{"title":"O&G: Certificado de Emisiones Y Uso Contra Incendios","description":"Busca v\u00e1lvulas de O&G ?, Habonim ofrece un est\u00e1ndar innovador en las v\u00e1lvulas Seguras contra incendios (Fire Safe) HermetiX\u2122","robots":{"index":"index","follow":"follow","max-snippet":"max-snippet:-1","max-image-preview":"max-image-preview:large","max-video-preview":"max-video-preview:-1"},"canonical":"https:\/\/habonim.com\/es\/industrias-petroleo-y-gas\/","og_locale":"es_ES","og_type":"article","og_title":"O&G: Certificado de Emisiones Y Uso Contra Incendios","og_description":"Busca v\u00e1lvulas de O&G ?, Habonim ofrece un est\u00e1ndar innovador en las v\u00e1lvulas Seguras contra incendios (Fire Safe) HermetiX\u2122","og_url":"https:\/\/habonim.com\/es\/industrias-petroleo-y-gas\/","article_modified_time":"2024-02-05T07:50:18+00:00","twitter_card":"summary_large_image","schema":{"@context":"https:\/\/schema.org","@graph":[{"@type":"WebPage","@id":"https:\/\/habonim.com\/es\/industrias-petroleo-y-gas\/","url":"https:\/\/habonim.com\/es\/industrias-petroleo-y-gas\/","name":"O&G: Certificado de Emisiones Y Uso Contra Incendios","isPartOf":{"@id":"https:\/\/habonim.com\/es\/stage\/#website"},"datePublished":"2017-06-25T10:16:23+00:00","dateModified":"2024-02-05T07:50:18+00:00","description":"Busca v\u00e1lvulas de O&G ?, Habonim ofrece un est\u00e1ndar innovador en las v\u00e1lvulas Seguras contra incendios (Fire Safe) HermetiX\u2122","breadcrumb":{"@id":"https:\/\/habonim.com\/es\/industrias-petroleo-y-gas\/#breadcrumb"},"inLanguage":"es","potentialAction":[{"@type":"ReadAction","target":["https:\/\/habonim.com\/es\/industrias-petroleo-y-gas\/"]}]},{"@type":"BreadcrumbList","@id":"https:\/\/habonim.com\/es\/industrias-petroleo-y-gas\/#breadcrumb","itemListElement":[{"@type":"ListItem","position":1,"name":"Home","item":"https:\/\/habonim.com\/es\/"},{"@type":"ListItem","position":2,"name":"Industrias &#8211; Petr\u00f3leo y Gas"}]},{"@type":"WebSite","@id":"https:\/\/habonim.com\/es\/stage\/#website","url":"https:\/\/habonim.com\/es\/stage\/","name":"","description":"Habonim - Industrial Valves and Actuators","publisher":{"@id":"https:\/\/habonim.com\/es\/stage\/#organization"},"potentialAction":[{"@type":"SearchAction","target":{"@type":"EntryPoint","urlTemplate":"https:\/\/habonim.com\/es\/stage\/?s={search_term_string}"},"query-input":{"@type":"PropertyValueSpecification","valueRequired":true,"valueName":"search_term_string"}}],"inLanguage":"es"},{"@type":"Organization","@id":"https:\/\/habonim.com\/es\/stage\/#organization","name":"Habonim","url":"https:\/\/habonim.com\/es\/stage\/","logo":{"@type":"ImageObject","inLanguage":"es","@id":"https:\/\/habonim.com\/es\/stage\/#\/schema\/logo\/image\/","url":"","contentUrl":"","caption":"Habonim"},"image":{"@id":"https:\/\/habonim.com\/es\/stage\/#\/schema\/logo\/image\/"}}]}},"_links":{"self":[{"href":"https:\/\/habonim.com\/es\/wp-json\/wp\/v2\/pages\/9314","targetHints":{"allow":["GET"]}}],"collection":[{"href":"https:\/\/habonim.com\/es\/wp-json\/wp\/v2\/pages"}],"about":[{"href":"https:\/\/habonim.com\/es\/wp-json\/wp\/v2\/types\/page"}],"author":[{"embeddable":true,"href":"https:\/\/habonim.com\/es\/wp-json\/wp\/v2\/users\/1"}],"replies":[{"embeddable":true,"href":"https:\/\/habonim.com\/es\/wp-json\/wp\/v2\/comments?post=9314"}],"version-history":[{"count":6,"href":"https:\/\/habonim.com\/es\/wp-json\/wp\/v2\/pages\/9314\/revisions"}],"predecessor-version":[{"id":13711,"href":"https:\/\/habonim.com\/es\/wp-json\/wp\/v2\/pages\/9314\/revisions\/13711"}],"wp:attachment":[{"href":"https:\/\/habonim.com\/es\/wp-json\/wp\/v2\/media?parent=9314"}],"curies":[{"name":"wp","href":"https:\/\/api.w.org\/{rel}","templated":true}]}}