{"id":9160,"date":"2020-08-31T06:55:43","date_gmt":"2020-08-31T06:55:43","guid":{"rendered":"https:\/\/habonim.com\/stage\/alta-presion\/"},"modified":"2026-03-31T08:08:25","modified_gmt":"2026-03-31T08:08:25","slug":"alta-presion","status":"publish","type":"page","link":"https:\/\/habonim.com\/es\/valvulas\/alta-presion\/","title":{"rendered":"ALTA PRESI\u00d3N"},"content":{"rendered":"","protected":false},"excerpt":{"rendered":"","protected":false},"author":1,"featured_media":0,"parent":9155,"menu_order":0,"comment_status":"closed","ping_status":"closed","template":"pages\/categorypage.php","meta":{"_acf_changed":false,"footnotes":""},"class_list":["post-9160","page","type-page","status-publish","hentry"],"acf":[],"yoast_head":"<!-- This site is optimized with the Yoast SEO plugin v26.6 - https:\/\/yoast.com\/wordpress\/plugins\/seo\/ -->\n<title>V\u00e1lvula de Alta Presi\u00f3n Segura, Duradera Y Confiable<\/title>\n<meta name=\"description\" content=\"V\u00e1lvulas de bola de alta presi\u00f3n: Las v\u00e1lvulas de alta presi\u00f3n est\u00e1n disponibles para todas las m\u00e1ximas temperaturas y presiones de trabajo admisibles\" \/>\n<meta name=\"robots\" content=\"index, follow, max-snippet:-1, max-image-preview:large, max-video-preview:-1\" \/>\n<link rel=\"canonical\" href=\"https:\/\/habonim.com\/es\/valvulas\/alta-presion\/\" \/>\n<meta property=\"og:locale\" content=\"es_ES\" \/>\n<meta property=\"og:type\" content=\"article\" \/>\n<meta property=\"og:title\" content=\"V\u00e1lvula de Alta Presi\u00f3n Segura, Duradera Y Confiable\" \/>\n<meta property=\"og:description\" content=\"V\u00e1lvulas de bola de alta presi\u00f3n: Las v\u00e1lvulas de alta presi\u00f3n est\u00e1n disponibles para todas las m\u00e1ximas temperaturas y presiones de trabajo admisibles\" \/>\n<meta property=\"og:url\" content=\"https:\/\/habonim.com\/es\/valvulas\/alta-presion\/\" \/>\n<meta property=\"article:modified_time\" content=\"2026-03-31T08:08:25+00:00\" \/>\n<meta name=\"twitter:card\" content=\"summary_large_image\" \/>\n<script type=\"application\/ld+json\" class=\"yoast-schema-graph\">{\"@context\":\"https:\/\/schema.org\",\"@graph\":[{\"@type\":\"WebPage\",\"@id\":\"https:\/\/habonim.com\/es\/valvulas\/alta-presion\/\",\"url\":\"https:\/\/habonim.com\/es\/valvulas\/alta-presion\/\",\"name\":\"V\u00e1lvula de Alta Presi\u00f3n Segura, Duradera Y Confiable\",\"isPartOf\":{\"@id\":\"https:\/\/habonim.com\/es\/stage\/#website\"},\"datePublished\":\"2020-08-31T06:55:43+00:00\",\"dateModified\":\"2026-03-31T08:08:25+00:00\",\"description\":\"V\u00e1lvulas de bola de alta presi\u00f3n: Las v\u00e1lvulas de alta presi\u00f3n est\u00e1n disponibles para todas las m\u00e1ximas temperaturas y presiones de trabajo admisibles\",\"breadcrumb\":{\"@id\":\"https:\/\/habonim.com\/es\/valvulas\/alta-presion\/#breadcrumb\"},\"inLanguage\":\"es\",\"potentialAction\":[{\"@type\":\"ReadAction\",\"target\":[\"https:\/\/habonim.com\/es\/valvulas\/alta-presion\/\"]}]},{\"@type\":\"BreadcrumbList\",\"@id\":\"https:\/\/habonim.com\/es\/valvulas\/alta-presion\/#breadcrumb\",\"itemListElement\":[{\"@type\":\"ListItem\",\"position\":1,\"name\":\"Home\",\"item\":\"https:\/\/habonim.com\/es\/\"},{\"@type\":\"ListItem\",\"position\":2,\"name\":\"V\u00e1lvulas\",\"item\":\"https:\/\/habonim.com\/es\/valvulas\/\"},{\"@type\":\"ListItem\",\"position\":3,\"name\":\"ALTA PRESI\u00d3N\"}]},{\"@type\":\"WebSite\",\"@id\":\"https:\/\/habonim.com\/es\/stage\/#website\",\"url\":\"https:\/\/habonim.com\/es\/stage\/\",\"name\":\"\",\"description\":\"Habonim - Industrial Valves and Actuators\",\"publisher\":{\"@id\":\"https:\/\/habonim.com\/es\/stage\/#organization\"},\"potentialAction\":[{\"@type\":\"SearchAction\",\"target\":{\"@type\":\"EntryPoint\",\"urlTemplate\":\"https:\/\/habonim.com\/es\/stage\/?s={search_term_string}\"},\"query-input\":{\"@type\":\"PropertyValueSpecification\",\"valueRequired\":true,\"valueName\":\"search_term_string\"}}],\"inLanguage\":\"es\"},{\"@type\":\"Organization\",\"@id\":\"https:\/\/habonim.com\/es\/stage\/#organization\",\"name\":\"Habonim\",\"url\":\"https:\/\/habonim.com\/es\/stage\/\",\"logo\":{\"@type\":\"ImageObject\",\"inLanguage\":\"es\",\"@id\":\"https:\/\/habonim.com\/es\/stage\/#\/schema\/logo\/image\/\",\"url\":\"\",\"contentUrl\":\"\",\"caption\":\"Habonim\"},\"image\":{\"@id\":\"https:\/\/habonim.com\/es\/stage\/#\/schema\/logo\/image\/\"}}]}<\/script>\n<!-- \/ Yoast SEO plugin. -->","yoast_head_json":{"title":"V\u00e1lvula de Alta Presi\u00f3n Segura, Duradera Y Confiable","description":"V\u00e1lvulas de bola de alta presi\u00f3n: Las v\u00e1lvulas de alta presi\u00f3n est\u00e1n disponibles para todas las m\u00e1ximas temperaturas y presiones de trabajo admisibles","robots":{"index":"index","follow":"follow","max-snippet":"max-snippet:-1","max-image-preview":"max-image-preview:large","max-video-preview":"max-video-preview:-1"},"canonical":"https:\/\/habonim.com\/es\/valvulas\/alta-presion\/","og_locale":"es_ES","og_type":"article","og_title":"V\u00e1lvula de Alta Presi\u00f3n Segura, Duradera Y Confiable","og_description":"V\u00e1lvulas de bola de alta presi\u00f3n: Las v\u00e1lvulas de alta presi\u00f3n est\u00e1n disponibles para todas las m\u00e1ximas temperaturas y presiones de trabajo admisibles","og_url":"https:\/\/habonim.com\/es\/valvulas\/alta-presion\/","article_modified_time":"2026-03-31T08:08:25+00:00","twitter_card":"summary_large_image","schema":{"@context":"https:\/\/schema.org","@graph":[{"@type":"WebPage","@id":"https:\/\/habonim.com\/es\/valvulas\/alta-presion\/","url":"https:\/\/habonim.com\/es\/valvulas\/alta-presion\/","name":"V\u00e1lvula de Alta Presi\u00f3n Segura, Duradera Y Confiable","isPartOf":{"@id":"https:\/\/habonim.com\/es\/stage\/#website"},"datePublished":"2020-08-31T06:55:43+00:00","dateModified":"2026-03-31T08:08:25+00:00","description":"V\u00e1lvulas de bola de alta presi\u00f3n: Las v\u00e1lvulas de alta presi\u00f3n est\u00e1n disponibles para todas las m\u00e1ximas temperaturas y presiones de trabajo admisibles","breadcrumb":{"@id":"https:\/\/habonim.com\/es\/valvulas\/alta-presion\/#breadcrumb"},"inLanguage":"es","potentialAction":[{"@type":"ReadAction","target":["https:\/\/habonim.com\/es\/valvulas\/alta-presion\/"]}]},{"@type":"BreadcrumbList","@id":"https:\/\/habonim.com\/es\/valvulas\/alta-presion\/#breadcrumb","itemListElement":[{"@type":"ListItem","position":1,"name":"Home","item":"https:\/\/habonim.com\/es\/"},{"@type":"ListItem","position":2,"name":"V\u00e1lvulas","item":"https:\/\/habonim.com\/es\/valvulas\/"},{"@type":"ListItem","position":3,"name":"ALTA PRESI\u00d3N"}]},{"@type":"WebSite","@id":"https:\/\/habonim.com\/es\/stage\/#website","url":"https:\/\/habonim.com\/es\/stage\/","name":"","description":"Habonim - Industrial Valves and Actuators","publisher":{"@id":"https:\/\/habonim.com\/es\/stage\/#organization"},"potentialAction":[{"@type":"SearchAction","target":{"@type":"EntryPoint","urlTemplate":"https:\/\/habonim.com\/es\/stage\/?s={search_term_string}"},"query-input":{"@type":"PropertyValueSpecification","valueRequired":true,"valueName":"search_term_string"}}],"inLanguage":"es"},{"@type":"Organization","@id":"https:\/\/habonim.com\/es\/stage\/#organization","name":"Habonim","url":"https:\/\/habonim.com\/es\/stage\/","logo":{"@type":"ImageObject","inLanguage":"es","@id":"https:\/\/habonim.com\/es\/stage\/#\/schema\/logo\/image\/","url":"","contentUrl":"","caption":"Habonim"},"image":{"@id":"https:\/\/habonim.com\/es\/stage\/#\/schema\/logo\/image\/"}}]}},"_links":{"self":[{"href":"https:\/\/habonim.com\/es\/wp-json\/wp\/v2\/pages\/9160","targetHints":{"allow":["GET"]}}],"collection":[{"href":"https:\/\/habonim.com\/es\/wp-json\/wp\/v2\/pages"}],"about":[{"href":"https:\/\/habonim.com\/es\/wp-json\/wp\/v2\/types\/page"}],"author":[{"embeddable":true,"href":"https:\/\/habonim.com\/es\/wp-json\/wp\/v2\/users\/1"}],"replies":[{"embeddable":true,"href":"https:\/\/habonim.com\/es\/wp-json\/wp\/v2\/comments?post=9160"}],"version-history":[{"count":5,"href":"https:\/\/habonim.com\/es\/wp-json\/wp\/v2\/pages\/9160\/revisions"}],"predecessor-version":[{"id":18577,"href":"https:\/\/habonim.com\/es\/wp-json\/wp\/v2\/pages\/9160\/revisions\/18577"}],"up":[{"embeddable":true,"href":"https:\/\/habonim.com\/es\/wp-json\/wp\/v2\/pages\/9155"}],"wp:attachment":[{"href":"https:\/\/habonim.com\/es\/wp-json\/wp\/v2\/media?parent=9160"}],"curies":[{"name":"wp","href":"https:\/\/api.w.org\/{rel}","templated":true}]}}