{"id":9123,"date":"2017-04-03T08:09:30","date_gmt":"2017-04-03T08:09:30","guid":{"rendered":"https:\/\/habonim.com\/stage\/pongase-en-contacto-con-nosotros\/"},"modified":"2023-05-17T08:33:42","modified_gmt":"2023-05-17T08:33:42","slug":"pongase-en-contacto-con-nosotros","status":"publish","type":"page","link":"https:\/\/habonim.com\/es\/pongase-en-contacto-con-nosotros\/","title":{"rendered":"P\u00f3ngase en contacto con nosotros"},"content":{"rendered":"<div class=\"row\">\n<div class=\"contact col-xs-12 col-sm-6 col-md-4 frow\">\n<h3><strong>Habonim EE. UU.<\/strong><\/h3>\n<p>L\u00ednea telef\u00f3nica gratuita: 1-866-261-8400<\/p>\n<p>L\u00ednea de fax gratuita: 1-866-243-9959<\/p>\n<p><a href=\"mailto:sales_usa@habonim.com\">sales_usa@habonim.com<\/a><\/p>\n<\/div>\n<div class=\"contact col-xs-12 col-sm-6 col-md-4 frow\">\n<h3>\u00a0<\/h3>\n<h3><strong>Habonim China<\/strong><\/h3>\n<p>Tel: 00 86 21 58056370 \u2013 ext. 119<\/p>\n<p>M\u00f3vil: 00 86 187 2196 2218<\/p>\n<p><a href=\"mailto:sales_china@habonim.com\">sales_china@habonim.com<\/a><\/p>\n<p>&nbsp;<\/p>\n<\/div>\n<div class=\"contact col-xs-12 col-sm-6 col-md-4 frow\">\n<h3><strong>Habonim Reino Unido<\/strong><\/h3>\n<p>Tel.: +44 1633 484554<\/p>\n<p>Fax: +44 1633 482252<\/p>\n<p><a href=\"mailto:sales_uk@habonim.com\">sales_uk@habonim.com<\/a><\/p>\n<\/div>\n<\/div>\n<div class=\"row\">\n<div class=\"contact col-xs-12 col-sm-6 col-md-4 frow\">\n<h3>\u00a0<\/h3>\n<h3><strong>Habonim UE<\/strong><\/h3>\n<p>Tel.: + 34 640 384 759<\/p>\n<p><a href=\"mailto:sales_international@habonim.com\">sales_international@habonim.com<\/a><\/p>\n<\/div>\n<div class=\"contact col-xs-12 col-sm-6 col-md-4 frow\">\n<h3>\u00a0<\/h3>\n<h3><strong>Habonim Israel<\/strong><\/h3>\n<p>Tel.: + 972 (0) 4 6914911<\/p>\n<p>Fax: + 972 (0) 4 6914935<\/p>\n<p><a href=\"mailto:sales_international@habonim.com\">sales_international@habonim.com<\/a><\/p>\n<\/div>\n<div class=\"contact col-xs-12 col-sm-6 col-md-4 frow\">\n<h3>\u00a0<\/h3>\n<h3><strong>Habonim Australia<\/strong><\/h3>\n<p>Tel.: (AUS) +61 400 001 988<\/p>\n<p><a href=\"mailto:sales_au@habonimau.com\">sales_au@habonimau.com<\/a><\/p>\n<\/div>\n<\/div>\n<div class=\"row\">\n<div class=\"contact col-xs-12 col-sm-6 col-md-4\">\n<h3>\u00a0<\/h3>\n<h3><strong>Habonim Singapur<\/strong><\/h3>\n<p>Tel.: +65 8127 0221<\/p>\n<p><a href=\"mailto:sales_singapore@habonim.com\">sales_singapore@habonim.com<\/a><\/p>\n<\/div>\n<\/div>\n","protected":false},"excerpt":{"rendered":"Habonim EE. UU. L\u00ednea telef\u00f3nica gratuita: 1-866-261-8400 L\u00ednea de fax gratuita: 1-866-243-9959 sales_usa@habonim.com \u00a0 Habonim China Tel: 00 86 21 58056370 \u2013 ext. 119 M\u00f3vil: 00 86 187 2196 2218 sales_china@habonim.com &nbsp; Habonim Reino Unido Tel.: +44 1633 484554 Fax: +44 1633 482252 sales_uk@habonim.com \u00a0 Habonim UE Tel.: + 34 640 384 759 sales_international@habonim.com \u00a0&#8230; <a class=\"view-article\" href=\"https:\/\/habonim.com\/es\/pongase-en-contacto-con-nosotros\/\">Ver art\u00edculo<\/a>","protected":false},"author":1,"featured_media":0,"parent":0,"menu_order":0,"comment_status":"closed","ping_status":"closed","template":"pages\/contactus.php","meta":{"_acf_changed":false,"footnotes":""},"class_list":["post-9123","page","type-page","status-publish","hentry"],"acf":[],"yoast_head":"<!-- This site is optimized with the Yoast SEO plugin v26.6 - https:\/\/yoast.com\/wordpress\/plugins\/seo\/ -->\n<title>Contacte Con Habonim - V\u00e1lvulas Y Actuadores Industriales<\/title>\n<meta name=\"description\" content=\"Cont\u00e1ctenos: Habonim est\u00e1 comprometida con la ingenier\u00eda, fabricaci\u00f3n y suministro de productos superiores, y un excelente servicio personal a nuestros clientes\" \/>\n<meta name=\"robots\" content=\"index, follow, max-snippet:-1, max-image-preview:large, max-video-preview:-1\" \/>\n<link rel=\"canonical\" href=\"https:\/\/habonim.com\/es\/pongase-en-contacto-con-nosotros\/\" \/>\n<meta property=\"og:locale\" content=\"es_ES\" \/>\n<meta property=\"og:type\" content=\"article\" \/>\n<meta property=\"og:title\" content=\"Contacte Con Habonim - V\u00e1lvulas Y Actuadores Industriales\" \/>\n<meta property=\"og:description\" content=\"Cont\u00e1ctenos: Habonim est\u00e1 comprometida con la ingenier\u00eda, fabricaci\u00f3n y suministro de productos superiores, y un excelente servicio personal a nuestros clientes\" \/>\n<meta property=\"og:url\" content=\"https:\/\/habonim.com\/es\/pongase-en-contacto-con-nosotros\/\" \/>\n<meta property=\"article:modified_time\" content=\"2023-05-17T08:33:42+00:00\" \/>\n<meta name=\"twitter:card\" content=\"summary_large_image\" \/>\n<meta name=\"twitter:label1\" content=\"Tiempo de lectura\" \/>\n\t<meta name=\"twitter:data1\" content=\"1 minuto\" \/>\n<script type=\"application\/ld+json\" class=\"yoast-schema-graph\">{\"@context\":\"https:\/\/schema.org\",\"@graph\":[{\"@type\":\"WebPage\",\"@id\":\"https:\/\/habonim.com\/es\/pongase-en-contacto-con-nosotros\/\",\"url\":\"https:\/\/habonim.com\/es\/pongase-en-contacto-con-nosotros\/\",\"name\":\"Contacte Con Habonim - V\u00e1lvulas Y Actuadores Industriales\",\"isPartOf\":{\"@id\":\"https:\/\/habonim.com\/es\/stage\/#website\"},\"datePublished\":\"2017-04-03T08:09:30+00:00\",\"dateModified\":\"2023-05-17T08:33:42+00:00\",\"description\":\"Cont\u00e1ctenos: Habonim est\u00e1 comprometida con la ingenier\u00eda, fabricaci\u00f3n y suministro de productos superiores, y un excelente servicio personal a nuestros clientes\",\"breadcrumb\":{\"@id\":\"https:\/\/habonim.com\/es\/pongase-en-contacto-con-nosotros\/#breadcrumb\"},\"inLanguage\":\"es\",\"potentialAction\":[{\"@type\":\"ReadAction\",\"target\":[\"https:\/\/habonim.com\/es\/pongase-en-contacto-con-nosotros\/\"]}]},{\"@type\":\"BreadcrumbList\",\"@id\":\"https:\/\/habonim.com\/es\/pongase-en-contacto-con-nosotros\/#breadcrumb\",\"itemListElement\":[{\"@type\":\"ListItem\",\"position\":1,\"name\":\"Home\",\"item\":\"https:\/\/habonim.com\/es\/\"},{\"@type\":\"ListItem\",\"position\":2,\"name\":\"P\u00f3ngase en contacto con nosotros\"}]},{\"@type\":\"WebSite\",\"@id\":\"https:\/\/habonim.com\/es\/stage\/#website\",\"url\":\"https:\/\/habonim.com\/es\/stage\/\",\"name\":\"\",\"description\":\"Habonim - Industrial Valves and Actuators\",\"publisher\":{\"@id\":\"https:\/\/habonim.com\/es\/stage\/#organization\"},\"potentialAction\":[{\"@type\":\"SearchAction\",\"target\":{\"@type\":\"EntryPoint\",\"urlTemplate\":\"https:\/\/habonim.com\/es\/stage\/?s={search_term_string}\"},\"query-input\":{\"@type\":\"PropertyValueSpecification\",\"valueRequired\":true,\"valueName\":\"search_term_string\"}}],\"inLanguage\":\"es\"},{\"@type\":\"Organization\",\"@id\":\"https:\/\/habonim.com\/es\/stage\/#organization\",\"name\":\"Habonim\",\"url\":\"https:\/\/habonim.com\/es\/stage\/\",\"logo\":{\"@type\":\"ImageObject\",\"inLanguage\":\"es\",\"@id\":\"https:\/\/habonim.com\/es\/stage\/#\/schema\/logo\/image\/\",\"url\":\"\",\"contentUrl\":\"\",\"caption\":\"Habonim\"},\"image\":{\"@id\":\"https:\/\/habonim.com\/es\/stage\/#\/schema\/logo\/image\/\"}}]}<\/script>\n<!-- \/ Yoast SEO plugin. -->","yoast_head_json":{"title":"Contacte Con Habonim - V\u00e1lvulas Y Actuadores Industriales","description":"Cont\u00e1ctenos: Habonim est\u00e1 comprometida con la ingenier\u00eda, fabricaci\u00f3n y suministro de productos superiores, y un excelente servicio personal a nuestros clientes","robots":{"index":"index","follow":"follow","max-snippet":"max-snippet:-1","max-image-preview":"max-image-preview:large","max-video-preview":"max-video-preview:-1"},"canonical":"https:\/\/habonim.com\/es\/pongase-en-contacto-con-nosotros\/","og_locale":"es_ES","og_type":"article","og_title":"Contacte Con Habonim - V\u00e1lvulas Y Actuadores Industriales","og_description":"Cont\u00e1ctenos: Habonim est\u00e1 comprometida con la ingenier\u00eda, fabricaci\u00f3n y suministro de productos superiores, y un excelente servicio personal a nuestros clientes","og_url":"https:\/\/habonim.com\/es\/pongase-en-contacto-con-nosotros\/","article_modified_time":"2023-05-17T08:33:42+00:00","twitter_card":"summary_large_image","twitter_misc":{"Tiempo de lectura":"1 minuto"},"schema":{"@context":"https:\/\/schema.org","@graph":[{"@type":"WebPage","@id":"https:\/\/habonim.com\/es\/pongase-en-contacto-con-nosotros\/","url":"https:\/\/habonim.com\/es\/pongase-en-contacto-con-nosotros\/","name":"Contacte Con Habonim - V\u00e1lvulas Y Actuadores Industriales","isPartOf":{"@id":"https:\/\/habonim.com\/es\/stage\/#website"},"datePublished":"2017-04-03T08:09:30+00:00","dateModified":"2023-05-17T08:33:42+00:00","description":"Cont\u00e1ctenos: Habonim est\u00e1 comprometida con la ingenier\u00eda, fabricaci\u00f3n y suministro de productos superiores, y un excelente servicio personal a nuestros clientes","breadcrumb":{"@id":"https:\/\/habonim.com\/es\/pongase-en-contacto-con-nosotros\/#breadcrumb"},"inLanguage":"es","potentialAction":[{"@type":"ReadAction","target":["https:\/\/habonim.com\/es\/pongase-en-contacto-con-nosotros\/"]}]},{"@type":"BreadcrumbList","@id":"https:\/\/habonim.com\/es\/pongase-en-contacto-con-nosotros\/#breadcrumb","itemListElement":[{"@type":"ListItem","position":1,"name":"Home","item":"https:\/\/habonim.com\/es\/"},{"@type":"ListItem","position":2,"name":"P\u00f3ngase en contacto con nosotros"}]},{"@type":"WebSite","@id":"https:\/\/habonim.com\/es\/stage\/#website","url":"https:\/\/habonim.com\/es\/stage\/","name":"","description":"Habonim - Industrial Valves and Actuators","publisher":{"@id":"https:\/\/habonim.com\/es\/stage\/#organization"},"potentialAction":[{"@type":"SearchAction","target":{"@type":"EntryPoint","urlTemplate":"https:\/\/habonim.com\/es\/stage\/?s={search_term_string}"},"query-input":{"@type":"PropertyValueSpecification","valueRequired":true,"valueName":"search_term_string"}}],"inLanguage":"es"},{"@type":"Organization","@id":"https:\/\/habonim.com\/es\/stage\/#organization","name":"Habonim","url":"https:\/\/habonim.com\/es\/stage\/","logo":{"@type":"ImageObject","inLanguage":"es","@id":"https:\/\/habonim.com\/es\/stage\/#\/schema\/logo\/image\/","url":"","contentUrl":"","caption":"Habonim"},"image":{"@id":"https:\/\/habonim.com\/es\/stage\/#\/schema\/logo\/image\/"}}]}},"_links":{"self":[{"href":"https:\/\/habonim.com\/es\/wp-json\/wp\/v2\/pages\/9123","targetHints":{"allow":["GET"]}}],"collection":[{"href":"https:\/\/habonim.com\/es\/wp-json\/wp\/v2\/pages"}],"about":[{"href":"https:\/\/habonim.com\/es\/wp-json\/wp\/v2\/types\/page"}],"author":[{"embeddable":true,"href":"https:\/\/habonim.com\/es\/wp-json\/wp\/v2\/users\/1"}],"replies":[{"embeddable":true,"href":"https:\/\/habonim.com\/es\/wp-json\/wp\/v2\/comments?post=9123"}],"version-history":[{"count":3,"href":"https:\/\/habonim.com\/es\/wp-json\/wp\/v2\/pages\/9123\/revisions"}],"predecessor-version":[{"id":10872,"href":"https:\/\/habonim.com\/es\/wp-json\/wp\/v2\/pages\/9123\/revisions\/10872"}],"wp:attachment":[{"href":"https:\/\/habonim.com\/es\/wp-json\/wp\/v2\/media?parent=9123"}],"curies":[{"name":"wp","href":"https:\/\/api.w.org\/{rel}","templated":true}]}}